{"id":18,"date":"2012-05-07T12:01:44","date_gmt":"2012-05-07T10:01:44","guid":{"rendered":"http:\/\/albatros-personal.com\/word\/jobangebote\/"},"modified":"2020-06-04T14:59:38","modified_gmt":"2020-06-04T12:59:38","slug":"jobangebote","status":"publish","type":"page","link":"https:\/\/albatros-personal.com\/2020\/jobangebote\/","title":{"rendered":"Jobangebote"},"content":{"rendered":"<div id='full_slider_1'  class='avia-fullwidth-slider main_color avia-shadow   avia-builder-el-0  el_before_av_textblock  avia-builder-el-first   container_wrap fullsize'  >\n<style type=\"text\/css\" data-created_by=\"avia_inline_auto\" id=\"style-css-av-av_slideshow_full-60fa3ae07e98f4d2e421da868a7fe0b2\">\n#top #wrap_all .avia-slideshow .av-slideshow-caption.av-av_slideshow_full-60fa3ae07e98f4d2e421da868a7fe0b2__0 .avia-caption-title{\nfont-size:30px;\n}\n#top .avia-slideshow .av-slideshow-caption.av-av_slideshow_full-60fa3ae07e98f4d2e421da868a7fe0b2__0 .avia-caption-content{\nfont-size:20px;\n}\n#top .avia-slideshow .av-slideshow-caption.av-av_slideshow_full-60fa3ae07e98f4d2e421da868a7fe0b2__0 .avia-caption-content p{\nfont-size:20px;\n}\n<\/style>\n<div  class='avia-slideshow av-av_slideshow_full-60fa3ae07e98f4d2e421da868a7fe0b2 avia-slideshow-featured_large av_slideshow_full avia-fade-slider av-slideshow-ui av-control-default av-slideshow-autoplay av-loop-endless av-loop-manual-endless av-default-height-applied   avia-slideshow-1' data-slideshow-options=\"{&quot;animation&quot;:&quot;fade&quot;,&quot;autoplay&quot;:true,&quot;loop_autoplay&quot;:&quot;endless&quot;,&quot;interval&quot;:5,&quot;loop_manual&quot;:&quot;manual-endless&quot;,&quot;autoplay_stopper&quot;:false,&quot;noNavigation&quot;:false,&quot;bg_slider&quot;:false,&quot;keep_padding&quot;:false,&quot;hoverpause&quot;:false,&quot;show_slide_delay&quot;:0}\" ><ul class='avia-slideshow-inner ' style='padding-bottom: 42%;'><li  class='avia-slideshow-slide av-av_slideshow_full-60fa3ae07e98f4d2e421da868a7fe0b2__0  av-single-slide slide-1 slide-odd'><div data-rel='slideshow-1' class='avia-slide-wrap '   ><div class='av-slideshow-caption av-av_slideshow_full-60fa3ae07e98f4d2e421da868a7fe0b2__0 caption_fullwidth caption_left'><div class=\"container caption_container\"><div class=\"slideshow_caption\"><div class=\"slideshow_inner_caption\"><div class=\"slideshow_align_caption\"><h2 class='avia-caption-title ' >Jobangebote<\/h2><\/div><\/div><\/div><\/div><\/div><img fetchpriority=\"high\" class=\"wp-image-3559 avia-img-lazy-loading-not-3559\"  src='https:\/\/albatros-personal.com\/2020\/wp-content\/uploads\/2020\/06\/AdobeStock_157433146-1500x630.jpeg' width='1500' height='630' title='Rheinbr\u00fccke Krefeld-Uerdingen' alt=''   \/><\/div><\/li><\/ul><\/div><\/div><div id='after_full_slider_1'  class='main_color av_default_container_wrap container_wrap fullsize'  ><div class='container av-section-cont-open' ><div class='template-page content  av-content-full alpha units'><div class='post-entry post-entry-type-page post-entry-18'><div class='entry-content-wrapper clearfix'>\n<section  class='av_textblock_section av-av_textblock-0366cc7376be6c9e82a3e9cc8987b64f '  ><div class='avia_textblock' ><p>Wenn Sie neue berufliche Erfahrungen mit Perspektive und Abwechslungsreichtum suchen, Berufserfahrung sammeln wollen, neue Unternehmen kennen lernen oder mit uns ins Berufsleben starten m\u00f6chten<br \/>\n&#8230;dann bewerben Sie sich schnell und unkompliziert via Online-Formular, telefonisch oder bei einem pers\u00f6nlichen Besuch.<\/p>\n<p>Als Ihr neuer attraktiver Arbeitgeber bieten wir Ihnen:<\/p>\n<ul>\n<li>ein festes Einkommen<\/li>\n<li>\u00fcbliche Sozialleistungen wie z. B. Urlaubs-, Weihnachts-, -Krankengeld,&#8230;<\/li>\n<li>einen sicheren Arbeitsplatz<\/li>\n<li>eine abwechslungsreiche T\u00e4tigkeit<\/li>\n<li>Weiterbildung, Qualifizierung, Aufstiegschancen<\/li>\n<\/ul>\n<p>AU\u00dfERDEM&#8230;<\/p>\n<ul>\n<li>Ein fairer Tarifvertrag, geschlossen zwischen dem Interessenverband Deutscher Zeitarbeitsunternehmen e.V. (IGZ) und der Tarifgemeinschaft des deutschen Gewerkschaftsbundes (DGB) findet Anwendung<\/li>\n<li>Ansprechpartner in Ihrer Niederlassung, die Ihnen gerne mit Rat und Tat weiterhelfen<\/li>\n<li>ein vielseitiges Arbeitsplatzangebot in vielen Branchen von qualifizierten Berufen bis zu ungelernten Kr\u00e4ften\/T\u00e4tigkeiten<\/li>\n<li>Wir er\u00f6ffnen Chancen f\u00fcr Eltern nach der Elternzeit, Wiedereinsteiger, Studenten und Berufsanf\u00e4nger<\/li>\n<\/ul>\n<p>Wir freuen uns auf Ihre Bewerbung!<\/p>\n<\/div><\/section>\n","protected":false},"excerpt":{"rendered":"","protected":false},"author":1,"featured_media":0,"parent":0,"menu_order":18,"comment_status":"closed","ping_status":"closed","template":"","meta":{"footnotes":""},"class_list":["post-18","page","type-page","status-publish","hentry"],"_links":{"self":[{"href":"https:\/\/albatros-personal.com\/2020\/wp-json\/wp\/v2\/pages\/18","targetHints":{"allow":["GET"]}}],"collection":[{"href":"https:\/\/albatros-personal.com\/2020\/wp-json\/wp\/v2\/pages"}],"about":[{"href":"https:\/\/albatros-personal.com\/2020\/wp-json\/wp\/v2\/types\/page"}],"author":[{"embeddable":true,"href":"https:\/\/albatros-personal.com\/2020\/wp-json\/wp\/v2\/users\/1"}],"replies":[{"embeddable":true,"href":"https:\/\/albatros-personal.com\/2020\/wp-json\/wp\/v2\/comments?post=18"}],"version-history":[{"count":1,"href":"https:\/\/albatros-personal.com\/2020\/wp-json\/wp\/v2\/pages\/18\/revisions"}],"predecessor-version":[{"id":3596,"href":"https:\/\/albatros-personal.com\/2020\/wp-json\/wp\/v2\/pages\/18\/revisions\/3596"}],"wp:attachment":[{"href":"https:\/\/albatros-personal.com\/2020\/wp-json\/wp\/v2\/media?parent=18"}],"curies":[{"name":"wp","href":"https:\/\/api.w.org\/{rel}","templated":true}]}}