{"id":27,"date":"2012-05-07T12:01:44","date_gmt":"2012-05-07T10:01:44","guid":{"rendered":"http:\/\/albatros-personal.com\/word\/arbeitssicherheit\/"},"modified":"2025-06-02T11:39:11","modified_gmt":"2025-06-02T09:39:11","slug":"arbeitssicherheit","status":"publish","type":"page","link":"https:\/\/albatros-personal.com\/2020\/arbeitssicherheit\/","title":{"rendered":"Arbeitssicherheit"},"content":{"rendered":"<div id='full_slider_1'  class='avia-fullwidth-slider main_color avia-shadow   avia-builder-el-0  el_before_av_textblock  avia-builder-el-first   container_wrap fullsize'  >\n<style type=\"text\/css\" data-created_by=\"avia_inline_auto\" id=\"style-css-av-27ew7-f248ed914a0f01d331dc4f47cc48a8d1\">\n#top #wrap_all .avia-slideshow .av-slideshow-caption.av-27ew7-f248ed914a0f01d331dc4f47cc48a8d1__0 .avia-caption-title{\nfont-size:30px;\n}\n#top .avia-slideshow .av-slideshow-caption.av-27ew7-f248ed914a0f01d331dc4f47cc48a8d1__0 .avia-caption-content{\nfont-size:13px;\n}\n#top .avia-slideshow .av-slideshow-caption.av-27ew7-f248ed914a0f01d331dc4f47cc48a8d1__0 .avia-caption-content p{\nfont-size:13px;\n}\n<\/style>\n<div  class='avia-slideshow av-27ew7-f248ed914a0f01d331dc4f47cc48a8d1 avia-slideshow-featured_large av_slideshow_full avia-slide-slider av-slideshow-ui av-control-default av-slideshow-manual av-loop-once av-loop-manual-endless av-default-height-applied   avia-slideshow-1' data-slideshow-options=\"{&quot;animation&quot;:&quot;slide&quot;,&quot;autoplay&quot;:false,&quot;loop_autoplay&quot;:&quot;once&quot;,&quot;interval&quot;:5,&quot;loop_manual&quot;:&quot;manual-endless&quot;,&quot;autoplay_stopper&quot;:false,&quot;noNavigation&quot;:false,&quot;bg_slider&quot;:false,&quot;keep_padding&quot;:false,&quot;hoverpause&quot;:false,&quot;show_slide_delay&quot;:0}\" ><ul class='avia-slideshow-inner ' style='padding-bottom: 42%;'><li  class='avia-slideshow-slide av-27ew7-f248ed914a0f01d331dc4f47cc48a8d1__0  av-single-slide slide-1 slide-odd'><div data-rel='slideshow-1' class='avia-slide-wrap '   ><div class='av-slideshow-caption av-27ew7-f248ed914a0f01d331dc4f47cc48a8d1__0 caption_fullwidth caption_left'><div class=\"container caption_container\"><div class=\"slideshow_caption\"><div class=\"slideshow_inner_caption\"><div class=\"slideshow_align_caption\"><h2 class='avia-caption-title ' >Arbeitssicherheit<\/h2><\/div><\/div><\/div><\/div><\/div><img fetchpriority=\"high\" class=\"wp-image-3579 avia-img-lazy-loading-not-3579\"  src='https:\/\/albatros-personal.com\/2020\/wp-content\/uploads\/2020\/06\/AdobeStock_289237483a-1500x630.jpg' width='1500' height='630' title='krefeld bei nacht 360\u00b0 vr' alt=''   \/><\/div><\/li><\/ul><\/div><\/div><div id='after_full_slider_1'  class='main_color av_default_container_wrap container_wrap fullsize'  ><div class='container av-section-cont-open' ><div class='template-page content  av-content-full alpha units'><div class='post-entry post-entry-type-page post-entry-27'><div class='entry-content-wrapper clearfix'>\n<section  class='av_textblock_section av-159cz-0410734ee2eb7ba45219568b5ebc9e1d '  ><div class='avia_textblock' ><p style=\"font-weight: 400;\"><u>ARBEITSSICHERHEIT<\/u><\/p>\n<p style=\"font-weight: 400;\">Arbeitssicherheit, Arbeits- und Gesundheitsschutz und somit vorbeugende Unfallverh\u00fctung zu betreiben ist uns ein besonderes Anliegen und ein wesentliches Unternehmensziel!<\/p>\n<p style=\"font-weight: 400;\">Vor diesem Hintergrund wurde bereits in 2011 in unserer Niederlassung Duisburg ein integriertes Managementsystem mit dem die Belange von Arbeitssicherheit, Gesundheits- und Umweltschutz (SGU) noch besser gef\u00f6rdert werden k\u00f6nnen, eingef\u00fchrt.<\/p>\n<p style=\"font-weight: 400;\">SCC (Sicherheits-Zertifikat-Kontraktoren) und SCP (Sicherheits-Zertifikat f\u00fcr Personaldienstleister) sind international anerkannte Zertifizierungen von Arbeits- und Gesundheitsschutz-Management-Systemen, wodurch das Personaldienstleistungsunternehmen dokumentiert, dass die Anforderungen an Sicherheit, Gesundheits- und Umweltschutz (SGU) im Rahmen der Arbeitnehmer\u00fcberlassung erf\u00fcllt werden.<\/p>\n<p style=\"font-weight: 400;\">Mit diesem hohen Sicherheitsstandard erreichen wir am Standort Duisburg:<\/p>\n<ul>\n<li>Senkung der Unfallzahlen durch Systematisierung aller arbeitssicherheits-, gesundheits- und umweltschutzrelevanten T\u00e4tigkeiten.<\/li>\n<li>Gewinnung von Rechtssicherheit durch konsequente Einhaltung aller arbeitsschutzrelevanten rechtlichen Vorschriften.<\/li>\n<li>St\u00e4rkere Identifikation, Motivation und Bindung unserer Mitarbeiter durch Einbindung in die Prozesse von Arbeits-, Gesundheits- und Umweltschutz.<\/li>\n<\/ul>\n<p style=\"font-weight: 400;\">Die sicherheitstechnische Betreuung erfolgt f\u00fcr Albatros Personaldienstleistungen GmbH durch die<\/p>\n<p style=\"font-weight: 400;\">QMA safety-engineering GmbH, Moers<\/p>\n<p style=\"font-weight: 400;\">www.qma-gmbh.de<\/p>\n<\/div><\/section>\n","protected":false},"excerpt":{"rendered":"","protected":false},"author":1,"featured_media":0,"parent":0,"menu_order":11,"comment_status":"closed","ping_status":"closed","template":"","meta":{"footnotes":""},"class_list":["post-27","page","type-page","status-publish","hentry"],"_links":{"self":[{"href":"https:\/\/albatros-personal.com\/2020\/wp-json\/wp\/v2\/pages\/27","targetHints":{"allow":["GET"]}}],"collection":[{"href":"https:\/\/albatros-personal.com\/2020\/wp-json\/wp\/v2\/pages"}],"about":[{"href":"https:\/\/albatros-personal.com\/2020\/wp-json\/wp\/v2\/types\/page"}],"author":[{"embeddable":true,"href":"https:\/\/albatros-personal.com\/2020\/wp-json\/wp\/v2\/users\/1"}],"replies":[{"embeddable":true,"href":"https:\/\/albatros-personal.com\/2020\/wp-json\/wp\/v2\/comments?post=27"}],"version-history":[{"count":9,"href":"https:\/\/albatros-personal.com\/2020\/wp-json\/wp\/v2\/pages\/27\/revisions"}],"predecessor-version":[{"id":3658,"href":"https:\/\/albatros-personal.com\/2020\/wp-json\/wp\/v2\/pages\/27\/revisions\/3658"}],"wp:attachment":[{"href":"https:\/\/albatros-personal.com\/2020\/wp-json\/wp\/v2\/media?parent=27"}],"curies":[{"name":"wp","href":"https:\/\/api.w.org\/{rel}","templated":true}]}}