{"id":5,"date":"2012-05-07T12:01:44","date_gmt":"2012-05-07T10:01:44","guid":{"rendered":"http:\/\/albatros-personal.com\/word\/ueber-uns\/"},"modified":"2020-06-04T14:35:16","modified_gmt":"2020-06-04T12:35:16","slug":"ueber-uns","status":"publish","type":"page","link":"https:\/\/albatros-personal.com\/2020\/ueber-uns\/","title":{"rendered":"\u00dcber uns"},"content":{"rendered":"<div id='full_slider_1'  class='avia-fullwidth-slider main_color avia-shadow   avia-builder-el-0  el_before_av_textblock  avia-builder-el-first   container_wrap fullsize'  >\n<style type=\"text\/css\" data-created_by=\"avia_inline_auto\" id=\"style-css-av-av_slideshow_full-60fa3ae07e98f4d2e421da868a7fe0b2\">\n#top #wrap_all .avia-slideshow .av-slideshow-caption.av-av_slideshow_full-60fa3ae07e98f4d2e421da868a7fe0b2__0 .avia-caption-title{\nfont-size:30px;\n}\n#top .avia-slideshow .av-slideshow-caption.av-av_slideshow_full-60fa3ae07e98f4d2e421da868a7fe0b2__0 .avia-caption-content{\nfont-size:20px;\n}\n#top .avia-slideshow .av-slideshow-caption.av-av_slideshow_full-60fa3ae07e98f4d2e421da868a7fe0b2__0 .avia-caption-content p{\nfont-size:20px;\n}\n<\/style>\n<div  class='avia-slideshow av-av_slideshow_full-60fa3ae07e98f4d2e421da868a7fe0b2 avia-slideshow-featured_large av_slideshow_full avia-fade-slider av-slideshow-ui av-control-default av-slideshow-autoplay av-loop-endless av-loop-manual-endless av-default-height-applied   avia-slideshow-1' data-slideshow-options=\"{&quot;animation&quot;:&quot;fade&quot;,&quot;autoplay&quot;:true,&quot;loop_autoplay&quot;:&quot;endless&quot;,&quot;interval&quot;:5,&quot;loop_manual&quot;:&quot;manual-endless&quot;,&quot;autoplay_stopper&quot;:false,&quot;noNavigation&quot;:false,&quot;bg_slider&quot;:false,&quot;keep_padding&quot;:false,&quot;hoverpause&quot;:false,&quot;show_slide_delay&quot;:0}\" ><ul class='avia-slideshow-inner ' style='padding-bottom: 42%;'><li  class='avia-slideshow-slide av-av_slideshow_full-60fa3ae07e98f4d2e421da868a7fe0b2__0  av-single-slide slide-1 slide-odd'><div data-rel='slideshow-1' class='avia-slide-wrap '   ><div class='av-slideshow-caption av-av_slideshow_full-60fa3ae07e98f4d2e421da868a7fe0b2__0 caption_fullwidth caption_left'><div class=\"container caption_container\"><div class=\"slideshow_caption\"><div class=\"slideshow_inner_caption\"><div class=\"slideshow_align_caption\"><h2 class='avia-caption-title ' >\u00dcber Uns<\/h2><\/div><\/div><\/div><\/div><\/div><img fetchpriority=\"high\" class=\"wp-image-3569 avia-img-lazy-loading-not-3569\"  src='https:\/\/albatros-personal.com\/2020\/wp-content\/uploads\/2020\/06\/AdobeStock_85374681-1500x630.jpeg' width='1500' height='630' title='Tiger &amp; Turtle \u2013 Magic Mountain - Duisburg - Deutschland' alt=''   \/><\/div><\/li><\/ul><\/div><\/div><div id='after_full_slider_1'  class='main_color av_default_container_wrap container_wrap fullsize'  ><div class='container av-section-cont-open' ><div class='template-page content  av-content-full alpha units'><div class='post-entry post-entry-type-page post-entry-5'><div class='entry-content-wrapper clearfix'>\n<section  class='av_textblock_section av-av_textblock-0366cc7376be6c9e82a3e9cc8987b64f '  ><div class='avia_textblock' ><div style=\"text-align: center;\">\n<p style=\"text-align: left;\"><strong>Fair \u2013 Sicher \u2013 Flexibel<br \/>\n<\/strong><br \/>\nAls regionales Personaldienstleistungsunternehmen mit unseren Standorten in Duisburg, Dortmund und Krefeld sind wir inmitten eines pr\u00e4genden Wirtschafts- und Industrieraumes ans\u00e4ssig. Eine Region, wo der Mensch im Mittelpunkt steht!<\/p>\n<p style=\"text-align: left;\">Die Beziehung mit unseren Mitarbeitern und unseren Kunden als verl\u00e4sslicher Partner ist wesentliche Voraussetzung einer fairen, sozialen und zuverl\u00e4ssigen Zusammenarbeit.<\/p>\n<p style=\"text-align: left;\">Als Zeitarbeitsunternehmen wollen wir uns als attraktiver Arbeitgeber immer weiterentwickeln. Wir pr\u00e4sentieren die Zeitarbeit als eine Erwerbsform mit vielen Chancen. Dazu geh\u00f6rt ein fairer Umgang mit Bewerbern und Mitarbeitern hinsichtlich Betreuung und Behandlung, ebenso wie ein faires<br \/>\nArbeitsentgelt, das den Leistungen unserer Mitarbeiter gerecht wird.<\/p>\n<p style=\"text-align: left;\">Unser Ziel ist, dass Bewerber und Besch\u00e4ftigte unser Zeitarbeitsunternehmen als eine echte Alternative mit Chancen und Entwicklungsperspektiven wahrnehmen.<br \/>\nBesonders im Zuge der aktuellen Wirtschaftsschwankungen hat nun wohl fast jedes Unternehmen erkannt, wie wichtig ein flexibles Personalinstrument wie Zeitarbeit f\u00fcr das \u00dcberleben von Unternehmen ist.<\/p>\n<p style=\"text-align: left;\">Wir pr\u00e4sentieren uns als zuverl\u00e4ssigen und kompetenten Partner, der mit unseren Kunden gemeinsam die immer gr\u00f6\u00dfer werdenden Anforderungen bew\u00e4ltigen und l\u00f6sen wird.<\/p>\n<p style=\"text-align: left;\">Vertrauen Sie unserem engagiertem Team!<br \/>\nGemeinsam finden wir f\u00fcr Sie die richtigen Personall\u00f6sungen&#8230;<\/p>\n<\/div>\n<\/div><\/section>\n","protected":false},"excerpt":{"rendered":"","protected":false},"author":1,"featured_media":0,"parent":0,"menu_order":26,"comment_status":"closed","ping_status":"closed","template":"","meta":{"footnotes":""},"class_list":["post-5","page","type-page","status-publish","hentry"],"_links":{"self":[{"href":"https:\/\/albatros-personal.com\/2020\/wp-json\/wp\/v2\/pages\/5","targetHints":{"allow":["GET"]}}],"collection":[{"href":"https:\/\/albatros-personal.com\/2020\/wp-json\/wp\/v2\/pages"}],"about":[{"href":"https:\/\/albatros-personal.com\/2020\/wp-json\/wp\/v2\/types\/page"}],"author":[{"embeddable":true,"href":"https:\/\/albatros-personal.com\/2020\/wp-json\/wp\/v2\/users\/1"}],"replies":[{"embeddable":true,"href":"https:\/\/albatros-personal.com\/2020\/wp-json\/wp\/v2\/comments?post=5"}],"version-history":[{"count":4,"href":"https:\/\/albatros-personal.com\/2020\/wp-json\/wp\/v2\/pages\/5\/revisions"}],"predecessor-version":[{"id":3576,"href":"https:\/\/albatros-personal.com\/2020\/wp-json\/wp\/v2\/pages\/5\/revisions\/3576"}],"wp:attachment":[{"href":"https:\/\/albatros-personal.com\/2020\/wp-json\/wp\/v2\/media?parent=5"}],"curies":[{"name":"wp","href":"https:\/\/api.w.org\/{rel}","templated":true}]}}